{"id":161,"date":"2019-08-30T13:02:48","date_gmt":"2019-08-30T13:02:48","guid":{"rendered":"https:\/\/smartracks.hypecreate.com\/?page_id=161"},"modified":"2022-02-10T11:02:36","modified_gmt":"2022-02-10T11:02:36","slug":"impressum","status":"publish","type":"page","link":"https:\/\/smartracks.hypecreate.com\/de\/impressum\/","title":{"rendered":"Impressum"},"content":{"rendered":"\n<h4 class=\"wp-block-heading\">Angaben gem\u00e4\u00df \u00a75 TMG<\/h4>\n\n\n\n<p>Humotion GmbH<br>Heerdestr. 23<br>48149 M\u00fcnster<\/p>\n\n\n\n<h4 class=\"wp-block-heading\">Kontaktdaten<\/h4>\n\n\n\n<p>Telefon: +49 (0) 251 \/ 590 805 0<br>E-Mail: info (at) humotion.net<\/p>\n\n\n\n<h4 class=\"wp-block-heading\">Vertreten durch<\/h4>\n\n\n\n<p>Gesch\u00e4ftsf\u00fchrer: Johannes Rosenm\u00f6ller<\/p>\n\n\n\n<h4 class=\"wp-block-heading\">Registereintrag<\/h4>\n\n\n\n<p>Handelsregister M\u00fcnster HRB 11477<\/p>\n\n\n\n<h4 class=\"wp-block-heading\">Umsatzsteuernummer<\/h4>\n\n\n\n<p>USt-IDNr. DE260312521<\/p>\n","protected":false},"excerpt":{"rendered":"<p>Angaben gem\u00e4\u00df \u00a75 TMG Humotion GmbHHeerdestr. 2348149 M\u00fcnster Kontaktdaten Telefon: +49 (0) 251 \/ 590 805 0E-Mail: info (at) humotion.net Vertreten durch Gesch\u00e4ftsf\u00fchrer: Johannes Rosenm\u00f6ller Registereintrag Handelsregister M\u00fcnster HRB 11477 Umsatzsteuernummer USt-IDNr. DE260312521<\/p>\n","protected":false},"author":2,"featured_media":0,"parent":0,"menu_order":0,"comment_status":"closed","ping_status":"closed","template":"","meta":{"_acf_changed":false,"content-type":"","om_disable_all_campaigns":false,"_monsterinsights_skip_tracking":false,"_monsterinsights_sitenote_active":false,"_monsterinsights_sitenote_note":"","_monsterinsights_sitenote_category":0,"_uf_show_specific_survey":0,"_uf_disable_surveys":false,"footnotes":""},"acf":[],"aioseo_notices":[],"_links":{"self":[{"href":"https:\/\/smartracks.hypecreate.com\/de\/wp-json\/wp\/v2\/pages\/161"}],"collection":[{"href":"https:\/\/smartracks.hypecreate.com\/de\/wp-json\/wp\/v2\/pages"}],"about":[{"href":"https:\/\/smartracks.hypecreate.com\/de\/wp-json\/wp\/v2\/types\/page"}],"author":[{"embeddable":true,"href":"https:\/\/smartracks.hypecreate.com\/de\/wp-json\/wp\/v2\/users\/2"}],"replies":[{"embeddable":true,"href":"https:\/\/smartracks.hypecreate.com\/de\/wp-json\/wp\/v2\/comments?post=161"}],"version-history":[{"count":1,"href":"https:\/\/smartracks.hypecreate.com\/de\/wp-json\/wp\/v2\/pages\/161\/revisions"}],"predecessor-version":[{"id":2625,"href":"https:\/\/smartracks.hypecreate.com\/de\/wp-json\/wp\/v2\/pages\/161\/revisions\/2625"}],"wp:attachment":[{"href":"https:\/\/smartracks.hypecreate.com\/de\/wp-json\/wp\/v2\/media?parent=161"}],"curies":[{"name":"wp","href":"https:\/\/api.w.org\/{rel}","templated":true}]}}