{"id":1897,"date":"2021-05-07T15:52:19","date_gmt":"2021-05-07T15:52:19","guid":{"rendered":"https:\/\/smartracks.hypecreate.com\/?page_id=1897"},"modified":"2023-12-15T14:20:10","modified_gmt":"2023-12-15T14:20:10","slug":"webinars","status":"publish","type":"page","link":"https:\/\/smartracks.hypecreate.com\/de\/webinars\/","title":{"rendered":"Webinars"},"content":{"rendered":"\n<p>Unten findest du eine \u00dcbersicht \u00fcber unsere kommenden Webinare mit einem\/einer unserer Sportwissenschaftler:innen. Dies ist ein kostenloser Service f\u00fcr die, die mehr \u00fcber SmarTracks erfahren m\u00f6chten. Melde dich einfach an und entdecke, was SmarTracks zu bieten hat!<\/p>\n\n\n\n<p>Wir bieten Seminare in deutscher und englischer Sprache an. Neue Seminare sind regelm\u00e4\u00dfig in Planung, schaue also immer mal wieder vorbei. Sollte dir kein Termin passen, kontaktiere uns einfach, dann finden wir gemeinsam einen passenden Termin.<\/p>\n\n\n\n<p>Wenn du mehr \u00fcber SmarTracks Locations erfahren m\u00f6chtest, findest du hier ein kurzes 10-min\u00fctiges Einf\u00fchrungswebinar:<\/p>\n\n\n\n<figure class=\"wp-block-embed is-type-video is-provider-youtube wp-block-embed-youtube wp-embed-aspect-16-9 wp-has-aspect-ratio\"><div class=\"wp-block-embed__wrapper\">\n<iframe loading=\"lazy\" title=\"SmarTracks Standorte - Eine kurze Einf\u00fchrung\" width=\"500\" height=\"281\" src=\"https:\/\/www.youtube.com\/embed\/KgkHvXvpS24?feature=oembed\" frameborder=\"0\" allow=\"accelerometer; autoplay; clipboard-write; encrypted-media; gyroscope; picture-in-picture; web-share\" referrerpolicy=\"strict-origin-when-cross-origin\" allowfullscreen><\/iframe>\n<\/div><\/figure>\n","protected":false},"excerpt":{"rendered":"<p>Unten findest du eine \u00dcbersicht \u00fcber unsere kommenden Webinare mit einem\/einer unserer Sportwissenschaftler:innen. Dies ist ein kostenloser Service f\u00fcr die, die mehr \u00fcber SmarTracks erfahren m\u00f6chten. Melde dich einfach an und entdecke, was SmarTracks zu bieten hat! Wir bieten Seminare in deutscher und englischer Sprache an. Neue Seminare sind regelm\u00e4\u00dfig in Planung, schaue also immer&#8230;<\/p>\n","protected":false},"author":1,"featured_media":0,"parent":0,"menu_order":0,"comment_status":"closed","ping_status":"closed","template":"page-templates\/template-webinars.php","meta":{"_acf_changed":false,"content-type":"","om_disable_all_campaigns":false,"_monsterinsights_skip_tracking":false,"_monsterinsights_sitenote_active":false,"_monsterinsights_sitenote_note":"","_monsterinsights_sitenote_category":0,"_uf_show_specific_survey":0,"_uf_disable_surveys":false,"footnotes":""},"acf":[],"aioseo_notices":[],"_links":{"self":[{"href":"https:\/\/smartracks.hypecreate.com\/de\/wp-json\/wp\/v2\/pages\/1897"}],"collection":[{"href":"https:\/\/smartracks.hypecreate.com\/de\/wp-json\/wp\/v2\/pages"}],"about":[{"href":"https:\/\/smartracks.hypecreate.com\/de\/wp-json\/wp\/v2\/types\/page"}],"author":[{"embeddable":true,"href":"https:\/\/smartracks.hypecreate.com\/de\/wp-json\/wp\/v2\/users\/1"}],"replies":[{"embeddable":true,"href":"https:\/\/smartracks.hypecreate.com\/de\/wp-json\/wp\/v2\/comments?post=1897"}],"version-history":[{"count":3,"href":"https:\/\/smartracks.hypecreate.com\/de\/wp-json\/wp\/v2\/pages\/1897\/revisions"}],"predecessor-version":[{"id":3175,"href":"https:\/\/smartracks.hypecreate.com\/de\/wp-json\/wp\/v2\/pages\/1897\/revisions\/3175"}],"wp:attachment":[{"href":"https:\/\/smartracks.hypecreate.com\/de\/wp-json\/wp\/v2\/media?parent=1897"}],"curies":[{"name":"wp","href":"https:\/\/api.w.org\/{rel}","templated":true}]}}