{"id":639,"date":"2019-11-12T16:51:54","date_gmt":"2019-11-12T16:51:54","guid":{"rendered":"https:\/\/smartracks.hypecreate.com\/?page_id=639"},"modified":"2023-12-19T10:35:16","modified_gmt":"2023-12-19T10:35:16","slug":"diagnostics-assessments","status":"publish","type":"page","link":"https:\/\/smartracks.hypecreate.com\/de\/diagnostics-assessments\/","title":{"rendered":"Diagnostics Assessments"},"content":{"rendered":"\n<p>Du m\u00f6chtest wissen, wie das Leistungsniveau deines Athleten ist? SmarTracks Diagnostics bietet dir eine effektive Unterst\u00fctzung bei der Beurteilung von Geschwindigkeit, Ausdauer, Agilit\u00e4t und Kraft. Es sind keine speziellen Diagnostiklabore, Kraftmessplatten oder drahtgebundene Elektronik erforderlich. Und wir stellen sicher, dass du Goldstandard-Daten erh\u00e4ltst.<\/p>\n\n\n\n<hr class=\"wp-block-separator has-css-opacity\"\/>\n","protected":false},"excerpt":{"rendered":"<p>Du m\u00f6chtest wissen, wie das Leistungsniveau deines Athleten ist? SmarTracks Diagnostics bietet dir eine effektive Unterst\u00fctzung bei der Beurteilung von Geschwindigkeit, Ausdauer, Agilit\u00e4t und Kraft. Es sind keine speziellen Diagnostiklabore, Kraftmessplatten oder drahtgebundene Elektronik erforderlich. Und wir stellen sicher, dass du Goldstandard-Daten erh\u00e4ltst.<\/p>\n","protected":false},"author":1,"featured_media":0,"parent":0,"menu_order":0,"comment_status":"closed","ping_status":"closed","template":"page-templates\/template-diagnostics-assessments.php","meta":{"_acf_changed":false,"content-type":"","om_disable_all_campaigns":false,"_monsterinsights_skip_tracking":false,"_monsterinsights_sitenote_active":false,"_monsterinsights_sitenote_note":"","_monsterinsights_sitenote_category":0,"_uf_show_specific_survey":0,"_uf_disable_surveys":false,"footnotes":""},"acf":[],"aioseo_notices":[],"_links":{"self":[{"href":"https:\/\/smartracks.hypecreate.com\/de\/wp-json\/wp\/v2\/pages\/639"}],"collection":[{"href":"https:\/\/smartracks.hypecreate.com\/de\/wp-json\/wp\/v2\/pages"}],"about":[{"href":"https:\/\/smartracks.hypecreate.com\/de\/wp-json\/wp\/v2\/types\/page"}],"author":[{"embeddable":true,"href":"https:\/\/smartracks.hypecreate.com\/de\/wp-json\/wp\/v2\/users\/1"}],"replies":[{"embeddable":true,"href":"https:\/\/smartracks.hypecreate.com\/de\/wp-json\/wp\/v2\/comments?post=639"}],"version-history":[{"count":2,"href":"https:\/\/smartracks.hypecreate.com\/de\/wp-json\/wp\/v2\/pages\/639\/revisions"}],"predecessor-version":[{"id":3210,"href":"https:\/\/smartracks.hypecreate.com\/de\/wp-json\/wp\/v2\/pages\/639\/revisions\/3210"}],"wp:attachment":[{"href":"https:\/\/smartracks.hypecreate.com\/de\/wp-json\/wp\/v2\/media?parent=639"}],"curies":[{"name":"wp","href":"https:\/\/api.w.org\/{rel}","templated":true}]}}