{"id":644,"date":"2019-11-12T17:20:08","date_gmt":"2019-11-12T17:20:08","guid":{"rendered":"https:\/\/smartracks.hypecreate.com\/?page_id=644"},"modified":"2023-12-15T11:21:39","modified_gmt":"2023-12-15T11:21:39","slug":"ausdauer","status":"publish","type":"page","link":"https:\/\/smartracks.hypecreate.com\/de\/diagnostics-assessments\/ausdauer\/","title":{"rendered":"Ausdauer"},"content":{"rendered":"\n<h2 class=\"wp-block-heading\">Cooper Test<\/h2>\n\n\n\n<p>Der Cooper-Test ist ein Test zur Bestimmung der aeroben Ausdauerf\u00e4higkeit mit dem Ziel, die maximal m\u00f6gliche Distanz in 12 Minuten zu erreichen.<\/p>\n\n\n\n<p>Die Durchf\u00fchrung dieses Tests auf einer standardisierten Laufstrecke, z.B. 400m oder 200m Runden, gew\u00e4hrleistet die vergleichbarsten Ergebnisse. <\/p>\n\n\n\n<figure class=\"wp-block-image\"><img loading=\"lazy\" decoding=\"async\" width=\"1024\" height=\"551\" src=\"https:\/\/smartracks.hypecreate.com\/wp-content\/uploads\/2019\/09\/20190903-Cooper-Test-V002-1024x551.jpg\" alt=\"\" class=\"wp-image-244\" srcset=\"https:\/\/smartracks.hypecreate.com\/wp-content\/uploads\/2019\/09\/20190903-Cooper-Test-V002-1024x551.jpg 1024w, https:\/\/smartracks.hypecreate.com\/wp-content\/uploads\/2019\/09\/20190903-Cooper-Test-V002-300x161.jpg 300w, https:\/\/smartracks.hypecreate.com\/wp-content\/uploads\/2019\/09\/20190903-Cooper-Test-V002-768x413.jpg 768w, https:\/\/smartracks.hypecreate.com\/wp-content\/uploads\/2019\/09\/20190903-Cooper-Test-V002-200x108.jpg 200w\" sizes=\"(max-width: 1024px) 100vw, 1024px\" \/><\/figure>\n\n\n\n<p><strong>Aufbau der<\/strong> <strong>Timing Gates<\/strong><\/p>\n\n\n\n<p><em>Du trainierst mit den mobilen Timing Gates?<\/em><br>Wir empfehlen dir an der 100m Ziellinie oder einem anderen festen Punkt auf deiner Strecke zu starten und von dort aus die mobiblen Timing Gates in festgelegten Abst\u00e4nden, z.B. alle 100m, aufzustellen.<\/p>\n\n\n\n<p><em>Du nutzt einen <a href=\"https:\/\/smartracks.hypecreate.com\/locations\/#\">SmarTracks Standort<\/a>? <\/em>                                                         Du kannst an jedem Timing Gate starten!   <\/p>\n\n\n\n<p><\/p>\n\n\n\n<p> <strong>So f\u00fchrst du den Test durch<\/strong><\/p>\n\n\n\n<p>Die Software erkennt jeden Lauf, der mindestens 8 oder 12 Minuten dauert, automatisch als Cooper-Test. <\/p>\n\n\n\n<div class=\"info-box\" class=\"wp-block-cgb-block-info-box\"><div class=\"container\"><div class=\"row\"><div class=\"col col-12 col-md-10\"><p><strong>Z<\/strong>u beachten<strong>:<\/strong><br\/> \u2013 Der L\u00e4ufer startet von der Startposition, 1m vor einem Timing Gate. <br\/>   \u2013 Vor und nach jedem Lauf sollte eine Standzeit von mindestens 1   Sekunde eingehalten werden. So kann der Sensor den Beginn und das Ende der \u00dcbung erkennen.<\/p><\/div><\/div><\/div><\/div>\n\n\n\n<p><strong> So findest du die  Testergebnisse in der Software:<br><\/strong> Die Testergebnisse werden in der Diagnostics Software unter dem Reiter \u201eL\u00e4ufe\u201c angezeigt. <\/p>\n","protected":false},"excerpt":{"rendered":"<p>Cooper Test Der Cooper-Test ist ein Test zur Bestimmung der aeroben Ausdauerf\u00e4higkeit mit dem Ziel, die maximal m\u00f6gliche Distanz in 12 Minuten zu erreichen. Die Durchf\u00fchrung dieses Tests auf einer standardisierten Laufstrecke, z.B. 400m oder 200m Runden, gew\u00e4hrleistet die vergleichbarsten Ergebnisse. Aufbau der Timing Gates Du trainierst mit den mobilen Timing Gates?Wir empfehlen dir an&#8230;<\/p>\n","protected":false},"author":1,"featured_media":0,"parent":639,"menu_order":0,"comment_status":"closed","ping_status":"closed","template":"page-templates\/template-info.php","meta":{"_acf_changed":false,"content-type":"","om_disable_all_campaigns":false,"_monsterinsights_skip_tracking":false,"_monsterinsights_sitenote_active":false,"_monsterinsights_sitenote_note":"","_monsterinsights_sitenote_category":0,"_uf_show_specific_survey":0,"_uf_disable_surveys":false,"footnotes":""},"acf":[],"aioseo_notices":[],"_links":{"self":[{"href":"https:\/\/smartracks.hypecreate.com\/de\/wp-json\/wp\/v2\/pages\/644"}],"collection":[{"href":"https:\/\/smartracks.hypecreate.com\/de\/wp-json\/wp\/v2\/pages"}],"about":[{"href":"https:\/\/smartracks.hypecreate.com\/de\/wp-json\/wp\/v2\/types\/page"}],"author":[{"embeddable":true,"href":"https:\/\/smartracks.hypecreate.com\/de\/wp-json\/wp\/v2\/users\/1"}],"replies":[{"embeddable":true,"href":"https:\/\/smartracks.hypecreate.com\/de\/wp-json\/wp\/v2\/comments?post=644"}],"version-history":[{"count":3,"href":"https:\/\/smartracks.hypecreate.com\/de\/wp-json\/wp\/v2\/pages\/644\/revisions"}],"predecessor-version":[{"id":3153,"href":"https:\/\/smartracks.hypecreate.com\/de\/wp-json\/wp\/v2\/pages\/644\/revisions\/3153"}],"up":[{"embeddable":true,"href":"https:\/\/smartracks.hypecreate.com\/de\/wp-json\/wp\/v2\/pages\/639"}],"wp:attachment":[{"href":"https:\/\/smartracks.hypecreate.com\/de\/wp-json\/wp\/v2\/media?parent=644"}],"curies":[{"name":"wp","href":"https:\/\/api.w.org\/{rel}","templated":true}]}}