{"id":647,"date":"2019-11-12T17:20:24","date_gmt":"2019-11-12T17:20:24","guid":{"rendered":"https:\/\/smartracks.hypecreate.com\/?page_id=647"},"modified":"2023-12-14T15:02:51","modified_gmt":"2023-12-14T15:02:51","slug":"spruenge","status":"publish","type":"page","link":"https:\/\/smartracks.hypecreate.com\/de\/diagnostics-assessments\/spruenge\/","title":{"rendered":"Spr\u00fcnge"},"content":{"rendered":"<p><!--StartFragment--><\/p>\n<p><!--StartFragment--><\/p>\n\n\n<p>Aus sportlicher Sicht ist die Sprungkraft eine Unterfunktion der Schnellkraft, welche direkt leistungsabh\u00e4ngig ist. Ein wissenschaftlich etabliertes Verfahren zur Erfassung des Schnellkraftverhalten der Beinstreckerkette ist der Standard-Sprungtest. Dieser Test umfasst den Drop Jump (DJ), Countermovement Jump (CMJ) und den Squat Jump (SJ). Bei allen genannten Vertikalspr\u00fcngen wird versucht, die maximale Sprungh\u00f6he zu erreichen.<\/p>\n\n\n\n<figure class=\"wp-block-image\"><img loading=\"lazy\" decoding=\"async\" width=\"1024\" height=\"691\" src=\"https:\/\/smartracks.hypecreate.com\/wp-content\/uploads\/2019\/09\/20190318-Three-Jumping-Types-v001-1024x691.jpg\" alt=\"\" class=\"wp-image-270\" srcset=\"https:\/\/smartracks.hypecreate.com\/wp-content\/uploads\/2019\/09\/20190318-Three-Jumping-Types-v001-1024x691.jpg 1024w, https:\/\/smartracks.hypecreate.com\/wp-content\/uploads\/2019\/09\/20190318-Three-Jumping-Types-v001-300x202.jpg 300w, https:\/\/smartracks.hypecreate.com\/wp-content\/uploads\/2019\/09\/20190318-Three-Jumping-Types-v001-768x518.jpg 768w, https:\/\/smartracks.hypecreate.com\/wp-content\/uploads\/2019\/09\/20190318-Three-Jumping-Types-v001-200x135.jpg 200w\" sizes=\"(max-width: 1024px) 100vw, 1024px\" \/><\/figure>\n\n\n\n<p>Wir empfehlen, die Sprungtests in der folgenden Reihenfolge durchzuf\u00fchren:<br>1. Squat Jump (SJ)<br>2. Drop Jump (DJ)<br>3. Countermovement Jump (CMJ)<\/p>\n\n\n\n<p>In dieser Reihenfolge sind die Daten der Spr\u00fcnge eindeutiger und k\u00f6nnen anschlie\u00dfend besser ausgewertet werden.<\/p>\n\n\n\n<div class=\"info-box\" class=\"wp-block-cgb-block-info-box\"><div class=\"row\"><div class=\"col col-12 col-md-10\"><p><strong>Z<\/strong>u beachten: <br\/>&#8211; Die H\u00e4nde bleiben w\u00e4hrend des Sprunges auf der H\u00fcfte, um die Wirkung der Arme zu vermindern, die sich beim Sprung positiv auf die H\u00f6he auswirken k\u00f6nnen. <br\/>&#8211; Vor und nach jedem Sprung sollte eine Stand-\/Ruhezeit von mindestens 1 Sekunde eingehalten werden.<br\/>&#8211; Die Sprungtests werden ohne Timing Gates durchgef\u00fchrt. <\/p><\/div><\/div><\/div>\n\n\n\n<h2 class=\"wp-block-heading\">Squat Jump<\/h2>\n\n\n<div class=\"wp-block-image\">\n<figure class=\"alignleft is-resized\"><img loading=\"lazy\" decoding=\"async\" src=\"https:\/\/smartracks.hypecreate.com\/wp-content\/uploads\/2019\/11\/20190318-Squat-Jump-v001-502x1024.jpg\" alt=\"\" class=\"wp-image-737\" style=\"width:264px;height:538px\" width=\"264\" height=\"538\" srcset=\"https:\/\/smartracks.hypecreate.com\/wp-content\/uploads\/2019\/11\/20190318-Squat-Jump-v001-502x1024.jpg 502w, https:\/\/smartracks.hypecreate.com\/wp-content\/uploads\/2019\/11\/20190318-Squat-Jump-v001-147x300.jpg 147w, https:\/\/smartracks.hypecreate.com\/wp-content\/uploads\/2019\/11\/20190318-Squat-Jump-v001-768x1567.jpg 768w, https:\/\/smartracks.hypecreate.com\/wp-content\/uploads\/2019\/11\/20190318-Squat-Jump-v001-490x1000.jpg 490w, https:\/\/smartracks.hypecreate.com\/wp-content\/uploads\/2019\/11\/20190318-Squat-Jump-v001-500x1020.jpg 500w, https:\/\/smartracks.hypecreate.com\/wp-content\/uploads\/2019\/11\/20190318-Squat-Jump-v001-426x870.jpg 426w, https:\/\/smartracks.hypecreate.com\/wp-content\/uploads\/2019\/11\/20190318-Squat-Jump-v001-196x400.jpg 196w, https:\/\/smartracks.hypecreate.com\/wp-content\/uploads\/2019\/11\/20190318-Squat-Jump-v001-316x645.jpg 316w, https:\/\/smartracks.hypecreate.com\/wp-content\/uploads\/2019\/11\/20190318-Squat-Jump-v001-206x420.jpg 206w, https:\/\/smartracks.hypecreate.com\/wp-content\/uploads\/2019\/11\/20190318-Squat-Jump-v001-98x200.jpg 98w, https:\/\/smartracks.hypecreate.com\/wp-content\/uploads\/2019\/11\/20190318-Squat-Jump-v001-78x160.jpg 78w, https:\/\/smartracks.hypecreate.com\/wp-content\/uploads\/2019\/11\/20190318-Squat-Jump-v001-54x110.jpg 54w, https:\/\/smartracks.hypecreate.com\/wp-content\/uploads\/2019\/11\/20190318-Squat-Jump-v001-44x90.jpg 44w, https:\/\/smartracks.hypecreate.com\/wp-content\/uploads\/2019\/11\/20190318-Squat-Jump-v001.jpg 1090w\" sizes=\"(max-width: 264px) 100vw, 264px\" \/><\/figure><\/div>\n\n\n<p>Der Squat Jump ist ein vertikaler Sprung, bei dem die konzentrische Kraft der Sprungmuskulatur aus der Hockstellung ohne Gegenbewegung getestet wird.<\/p>\n\n\n\n<p><strong>So springst du richtig:<\/strong><br>In der Ausgangsposition ist der Oberk\u00f6rper leicht nach vorne gebeugt, die Knie sind um 90\u00b0 angewinkelt. Die H\u00e4nde bleiben w\u00e4hrend des Sprungs auf den H\u00fcften, um die Wirkung der Arme zu verringern, die w\u00e4hrend des Sprungs zur Steigerung der H\u00f6he eingesetzt werden k\u00f6nnen. Die \u00dcbung besteht darin, aus der Ausgangsposition so hoch wie m\u00f6glich zu springen, ohne dass zu Beginn des Sprungs eine Gegenbewegung ausgef\u00fchrt wird.<\/p>\n\n\n\n<p><strong>Was wird gemessen?<\/strong><br>\nSprungh\u00f6he (cm)<\/p>\n\n\n\n<p> <strong>So findest du die Testergebnisse in der Software<\/strong><\/p>\n\n\n\n<p>Die Testergebnisse werden in der Diagnostics Software unter dem Reiter &#8222;Spr\u00fcnge&#8220; angezeigt.<br><br><br><br><br><\/p>\n\n\n\n<p><\/p>\n\n\n\n<p><\/p>\n\n\n\n<p><\/p>\n\n\n\n<p><\/p>\n\n\n\n<p><\/p>\n\n\n\n<h2 class=\"wp-block-heading\" id=\"Drop-Jump\">Drop Jump<\/h2>\n\n\n\n<p>Der Drop Jump (DJ) ist ein vertikaler Sprung, bei dem die Muskulatur einen sogenannten Dehnungs-Verk\u00fcrzungs-Zyklus durchl\u00e4uft. Diese Eigenschaft erm\u00f6glicht die Beurteilung der reaktiven Kraftf\u00e4higkeit der Sprungmuskulatur, die ein zuverl\u00e4ssiger Indikator f\u00fcr die allgemeine Sprungkraft eines Sportlers ist.<\/p>\n\n\n<div class=\"wp-block-image\">\n<figure class=\"alignleft is-resized\"><img loading=\"lazy\" decoding=\"async\" src=\"https:\/\/smartracks.hypecreate.com\/wp-content\/uploads\/2019\/11\/20190318-Drop-Jump-v001-702x1024.jpg\" alt=\"\" class=\"wp-image-739\" style=\"width:307px;height:448px\" width=\"307\" height=\"448\" srcset=\"https:\/\/smartracks.hypecreate.com\/wp-content\/uploads\/2019\/11\/20190318-Drop-Jump-v001-702x1024.jpg 702w, https:\/\/smartracks.hypecreate.com\/wp-content\/uploads\/2019\/11\/20190318-Drop-Jump-v001-206x300.jpg 206w, https:\/\/smartracks.hypecreate.com\/wp-content\/uploads\/2019\/11\/20190318-Drop-Jump-v001-768x1120.jpg 768w, https:\/\/smartracks.hypecreate.com\/wp-content\/uploads\/2019\/11\/20190318-Drop-Jump-v001-686x1000.jpg 686w, https:\/\/smartracks.hypecreate.com\/wp-content\/uploads\/2019\/11\/20190318-Drop-Jump-v001-699x1020.jpg 699w, https:\/\/smartracks.hypecreate.com\/wp-content\/uploads\/2019\/11\/20190318-Drop-Jump-v001-597x870.jpg 597w, https:\/\/smartracks.hypecreate.com\/wp-content\/uploads\/2019\/11\/20190318-Drop-Jump-v001-274x400.jpg 274w, https:\/\/smartracks.hypecreate.com\/wp-content\/uploads\/2019\/11\/20190318-Drop-Jump-v001-442x645.jpg 442w, https:\/\/smartracks.hypecreate.com\/wp-content\/uploads\/2019\/11\/20190318-Drop-Jump-v001-288x420.jpg 288w, https:\/\/smartracks.hypecreate.com\/wp-content\/uploads\/2019\/11\/20190318-Drop-Jump-v001-137x200.jpg 137w, https:\/\/smartracks.hypecreate.com\/wp-content\/uploads\/2019\/11\/20190318-Drop-Jump-v001-110x160.jpg 110w, https:\/\/smartracks.hypecreate.com\/wp-content\/uploads\/2019\/11\/20190318-Drop-Jump-v001-75x110.jpg 75w, https:\/\/smartracks.hypecreate.com\/wp-content\/uploads\/2019\/11\/20190318-Drop-Jump-v001-62x90.jpg 62w, https:\/\/smartracks.hypecreate.com\/wp-content\/uploads\/2019\/11\/20190318-Drop-Jump-v001.jpg 1510w\" sizes=\"(max-width: 307px) 100vw, 307px\" \/><\/figure><\/div>\n\n\n<p><strong>So springst du richtig:<\/strong><br>Beim Drop Jump l\u00e4sst sich der Athlet von einer Plattform oder einer Box mit einem Fu\u00df voran &#8222;herunterfallen&#8220;. Sofort nach der Landung mit beiden F\u00fc\u00dfen, gilt es so hoch wie m\u00f6glich zu springen, um die Bodenkontaktzeit so gering wie m\u00f6glich zu halten. Nach dem Sprung sollte man in einer aufrechten Haltung ankommen, ohne \u00fcberm\u00e4\u00dfig in den Knien abzufedern. Die H\u00e4nde bleiben w\u00e4hrend des Sprunges auf der H\u00fcfte, um die Wirkung der Arme zu minimieren. <\/p>\n\n\n\n<p>Der Drop Jump wird in der Regel mit unterschiedlichen H\u00f6hen der Plattform oder Box wiederholt. Die Fallh\u00f6he wird in der Regel in 15 oder 20 cm (6\u201c oder 8\u201c) Schritten angehoben und die optimale H\u00f6he h\u00e4ngt von der F\u00e4higkeit des Athleten ab, die auftretenden Kr\u00e4fte aufzunehmen und zu transformieren.<\/p>\n\n\n\n<p><\/p>\n\n\n\n<p><strong>Was wird gemessen?<\/strong><\/p>\n\n\n\n<p>Neben der Sprungh\u00f6he wird auch eine kurze Kontaktzeit mit dem Boden gemessen, dann kann ein Reaktivkraftindex (Sprungh\u00f6he dividiert durch Bodenkontaktzeit) berechnet werden. Die Aufprallgeschwindigkeit und der Energieeintrag in die zum Springen genutzten Muskeln werden durch Variation der Fallh\u00f6he ver\u00e4ndert und die Leistung (Sprungh\u00f6he bzw. das Verh\u00e4ltnis von Sprungh\u00f6he und Kontaktzeit am Boden) bei optimalem Einsatz (Fallh\u00f6he) maximiert.<br> <br> \u2022 Sprungh\u00f6he (cm)<br> \u2022 Bodenkontaktzeit (ms)<br> \u2022 Reaktivkraftindex (Sprungh\u00f6he [cm] \/ Bodenkontaktzeit [s])<\/p>\n\n\n\n<p><strong>So findest du die Testergebnisse in der Software<\/strong><\/p>\n\n\n\n<p>Die Testergebnisse werden in der Diagnostics Software unter dem Reiter &#8222;Spr\u00fcnge&#8220; angezeigt.<\/p>\n\n\n\n<h2 class=\"wp-block-heading\" id=\"Countermovement-Jump\">Countermovement Jump<\/h2>\n\n\n<div class=\"wp-block-image\">\n<figure class=\"alignleft is-resized\"><img loading=\"lazy\" decoding=\"async\" src=\"https:\/\/smartracks.hypecreate.com\/wp-content\/uploads\/2019\/11\/20190318-Countermove-Jump-v001-567x1024.jpg\" alt=\"\" class=\"wp-image-742\" style=\"width:263px;height:474px\" width=\"263\" height=\"474\" srcset=\"https:\/\/smartracks.hypecreate.com\/wp-content\/uploads\/2019\/11\/20190318-Countermove-Jump-v001-567x1024.jpg 567w, https:\/\/smartracks.hypecreate.com\/wp-content\/uploads\/2019\/11\/20190318-Countermove-Jump-v001-166x300.jpg 166w, https:\/\/smartracks.hypecreate.com\/wp-content\/uploads\/2019\/11\/20190318-Countermove-Jump-v001-768x1386.jpg 768w, https:\/\/smartracks.hypecreate.com\/wp-content\/uploads\/2019\/11\/20190318-Countermove-Jump-v001-554x1000.jpg 554w, https:\/\/smartracks.hypecreate.com\/wp-content\/uploads\/2019\/11\/20190318-Countermove-Jump-v001-565x1020.jpg 565w, https:\/\/smartracks.hypecreate.com\/wp-content\/uploads\/2019\/11\/20190318-Countermove-Jump-v001-482x870.jpg 482w, https:\/\/smartracks.hypecreate.com\/wp-content\/uploads\/2019\/11\/20190318-Countermove-Jump-v001-222x400.jpg 222w, https:\/\/smartracks.hypecreate.com\/wp-content\/uploads\/2019\/11\/20190318-Countermove-Jump-v001-357x645.jpg 357w, https:\/\/smartracks.hypecreate.com\/wp-content\/uploads\/2019\/11\/20190318-Countermove-Jump-v001-233x420.jpg 233w, https:\/\/smartracks.hypecreate.com\/wp-content\/uploads\/2019\/11\/20190318-Countermove-Jump-v001-111x200.jpg 111w, https:\/\/smartracks.hypecreate.com\/wp-content\/uploads\/2019\/11\/20190318-Countermove-Jump-v001-89x160.jpg 89w, https:\/\/smartracks.hypecreate.com\/wp-content\/uploads\/2019\/11\/20190318-Countermove-Jump-v001-61x110.jpg 61w, https:\/\/smartracks.hypecreate.com\/wp-content\/uploads\/2019\/11\/20190318-Countermove-Jump-v001-50x90.jpg 50w, https:\/\/smartracks.hypecreate.com\/wp-content\/uploads\/2019\/11\/20190318-Countermove-Jump-v001.jpg 1198w\" sizes=\"(max-width: 263px) 100vw, 263px\" \/><\/figure><\/div>\n\n\n<p>Der Countermovement Jump (CMJ) ist ein vertikaler Sprung zum Testen der konzentrischen Kraft in der Sprungmuskulatur.<\/p>\n\n\n\n<p><br><strong>So springst du richtig:<\/strong><br>Im Gegensatz zum Squat Jump, ist der Start des CMJ von einer Gegenbewegung gepr\u00e4gt. Der Athlet startet im aufrechten Stand, begibt sich danach z\u00fcgig in die Gegenbewegung (Oberk\u00f6rper leicht nach vorne lehnen, Knie um 90\u00b0 Grad beugen) und absolviert danach aus voller Kraft den vertikalen Sprung. Nach der \u00dcbung sollte man in einer aufrechten Haltung ankommen, ohne \u00fcberm\u00e4\u00dfig in den Knien abzufedern. Die H\u00e4nde bleiben w\u00e4hrend des Sprunges auf der H\u00fcfte, um die Wirkung der Arme zu minimieren. <\/p>\n\n\n\n<p><strong>Was wird gemessen?<\/strong><br> Sprungh\u00f6he (cm)<br> <br> <strong>So findest du die Testergebnisse in der Software<\/strong><br> Die Testergebnisse werden in der SmarTracks Software unter dem Reiter &#8222;Spr\u00fcnge&#8220; angezeigt.<\/p>\n","protected":false},"excerpt":{"rendered":"<p>Aus sportlicher Sicht ist die Sprungkraft eine Unterfunktion der Schnellkraft, welche direkt leistungsabh\u00e4ngig ist. Ein wissenschaftlich etabliertes Verfahren zur Erfassung des Schnellkraftverhalten der Beinstreckerkette ist der Standard-Sprungtest. Dieser Test umfasst den Drop Jump (DJ), Countermovement Jump (CMJ) und den Squat Jump (SJ). Bei allen genannten Vertikalspr\u00fcngen wird versucht, die maximale Sprungh\u00f6he zu erreichen. Wir empfehlen,&#8230;<\/p>\n","protected":false},"author":1,"featured_media":0,"parent":639,"menu_order":0,"comment_status":"closed","ping_status":"closed","template":"page-templates\/template-info.php","meta":{"_acf_changed":false,"content-type":"","om_disable_all_campaigns":false,"_monsterinsights_skip_tracking":false,"_monsterinsights_sitenote_active":false,"_monsterinsights_sitenote_note":"","_monsterinsights_sitenote_category":0,"_uf_show_specific_survey":0,"_uf_disable_surveys":false,"footnotes":""},"acf":[],"aioseo_notices":[],"_links":{"self":[{"href":"https:\/\/smartracks.hypecreate.com\/de\/wp-json\/wp\/v2\/pages\/647"}],"collection":[{"href":"https:\/\/smartracks.hypecreate.com\/de\/wp-json\/wp\/v2\/pages"}],"about":[{"href":"https:\/\/smartracks.hypecreate.com\/de\/wp-json\/wp\/v2\/types\/page"}],"author":[{"embeddable":true,"href":"https:\/\/smartracks.hypecreate.com\/de\/wp-json\/wp\/v2\/users\/1"}],"replies":[{"embeddable":true,"href":"https:\/\/smartracks.hypecreate.com\/de\/wp-json\/wp\/v2\/comments?post=647"}],"version-history":[{"count":3,"href":"https:\/\/smartracks.hypecreate.com\/de\/wp-json\/wp\/v2\/pages\/647\/revisions"}],"predecessor-version":[{"id":3134,"href":"https:\/\/smartracks.hypecreate.com\/de\/wp-json\/wp\/v2\/pages\/647\/revisions\/3134"}],"up":[{"embeddable":true,"href":"https:\/\/smartracks.hypecreate.com\/de\/wp-json\/wp\/v2\/pages\/639"}],"wp:attachment":[{"href":"https:\/\/smartracks.hypecreate.com\/de\/wp-json\/wp\/v2\/media?parent=647"}],"curies":[{"name":"wp","href":"https:\/\/api.w.org\/{rel}","templated":true}]}}