{"id":649,"date":"2019-11-12T17:20:50","date_gmt":"2019-11-12T17:20:50","guid":{"rendered":"https:\/\/smartracks.hypecreate.com\/?page_id=649"},"modified":"2023-12-19T09:00:33","modified_gmt":"2023-12-19T09:00:33","slug":"sprintfaehigkeit","status":"publish","type":"page","link":"https:\/\/smartracks.hypecreate.com\/de\/diagnostics-assessments\/sprintfaehigkeit\/","title":{"rendered":"Sprintf\u00e4higkeit"},"content":{"rendered":"\n<p>Die Sprintf\u00e4higkeit eines Athleten ist in vielen Sportarten, vor allem im Wettkampf, von entscheidender Bedeutung: Mit SmarTracks kannst du jede Distanz in Abh\u00e4ngigkeit von der Anzahl der Timing Gates erfassen.<\/p>\n\n\n\n<figure class=\"wp-block-embed is-type-video is-provider-youtube wp-block-embed-youtube wp-embed-aspect-16-9 wp-has-aspect-ratio\"><div class=\"wp-block-embed__wrapper\">\n<iframe loading=\"lazy\" title=\"Sprint with SmarTracks Diagnostics - How to measure a sprint with SmarTracks Diagnostics Mobile\" width=\"500\" height=\"281\" src=\"https:\/\/www.youtube.com\/embed\/YgiHKmVrFtI?feature=oembed\" frameborder=\"0\" allow=\"accelerometer; autoplay; clipboard-write; encrypted-media; gyroscope; picture-in-picture; web-share\" referrerpolicy=\"strict-origin-when-cross-origin\" allowfullscreen><\/iframe>\n<\/div><\/figure>\n\n\n\n<div class=\"wp-block-columns is-layout-flex wp-container-core-columns-is-layout-1 wp-block-columns-is-layout-flex\">\n<div class=\"wp-block-column is-layout-flow wp-block-column-is-layout-flow\" style=\"flex-basis:33.33%\">\n<figure class=\"wp-block-image size-large\"><img loading=\"lazy\" decoding=\"async\" width=\"258\" height=\"1024\" src=\"https:\/\/smartracks.hypecreate.com\/wp-content\/uploads\/2019\/11\/20190829-Sprint-Mobile-Setup-de-v003-258x1024.jpg\" alt=\"\" class=\"wp-image-754\" srcset=\"https:\/\/smartracks.hypecreate.com\/wp-content\/uploads\/2019\/11\/20190829-Sprint-Mobile-Setup-de-v003-258x1024.jpg 258w, https:\/\/smartracks.hypecreate.com\/wp-content\/uploads\/2019\/11\/20190829-Sprint-Mobile-Setup-de-v003-768x3046.jpg 768w, https:\/\/smartracks.hypecreate.com\/wp-content\/uploads\/2019\/11\/20190829-Sprint-Mobile-Setup-de-v003-252x1000.jpg 252w, https:\/\/smartracks.hypecreate.com\/wp-content\/uploads\/2019\/11\/20190829-Sprint-Mobile-Setup-de-v003-257x1020.jpg 257w, https:\/\/smartracks.hypecreate.com\/wp-content\/uploads\/2019\/11\/20190829-Sprint-Mobile-Setup-de-v003-219x870.jpg 219w, https:\/\/smartracks.hypecreate.com\/wp-content\/uploads\/2019\/11\/20190829-Sprint-Mobile-Setup-de-v003-101x400.jpg 101w, https:\/\/smartracks.hypecreate.com\/wp-content\/uploads\/2019\/11\/20190829-Sprint-Mobile-Setup-de-v003-106x420.jpg 106w, https:\/\/smartracks.hypecreate.com\/wp-content\/uploads\/2019\/11\/20190829-Sprint-Mobile-Setup-de-v003-40x160.jpg 40w, https:\/\/smartracks.hypecreate.com\/wp-content\/uploads\/2019\/11\/20190829-Sprint-Mobile-Setup-de-v003-28x110.jpg 28w, https:\/\/smartracks.hypecreate.com\/wp-content\/uploads\/2019\/11\/20190829-Sprint-Mobile-Setup-de-v003-23x90.jpg 23w\" sizes=\"(max-width: 258px) 100vw, 258px\" \/><\/figure>\n<\/div>\n\n\n\n<div class=\"wp-block-column is-layout-flow wp-block-column-is-layout-flow\" style=\"flex-basis:66.66%\">\n<p>\n<!--StartFragment--><\/p>\n\n\n\n<p><strong>Aufbau der Timing Gates<\/strong><\/p>\n\n\n\n<p><em>Du trainierst mit den mobilen Timing Gates?<br><\/em>Wir empfehlen dir an der 100m Ziellinie oder einem anderen festen Punkt auf deiner Strecke zu starten und von dort aus die mobilen Timing Gates in den gew\u00fcnschten Abst\u00e4nden zu platzieren. <br>Bitte beachte unbedingt die angegebenen Intervalle. Abweichungen k\u00f6nnen zu falschen Messdaten f\u00fchren.<\/p>\n\n\n\n<p><em>Du nutzt einen  SmarTracks Standort?<\/em><br>Du kannst an jedem Gate starten! Die Intervalle h\u00e4ngen vom integrierten Gate-Muster deines <a href=\"https:\/\/smartracks.hypecreate.com\/locations\">SmarTracks Standorts<\/a> ab.<\/p>\n\n\n\n<p><!--EndFragment--><\/p>\n<\/div>\n<\/div>\n\n\n\n<div class=\"info-box\" class=\"wp-block-cgb-block-info-box\"><div class=\"container\"><div class=\"row\"><div class=\"col col-12 col-md-10\"><p><strong>Z<\/strong>u beachten:<br\/>\u2013 Der L\u00e4ufer startet von der Startposition, 1m vor einem Timing Gate.<br\/>\u2013 Vor und nach jedem Lauf sollte eine Standzeit von mindestens 1 Sekunde eingehalten werden. So kann der Sensor den Beginn und das Ende der \u00dcbung erkennen.<\/p><\/div><\/div><\/div><\/div>\n\n\n\n<p> <strong>So findest du die Testergebnisse in der Software<\/strong><br> Die Testergebnisse werden in der Diagnostics Software unter dem Reiter \u201eL\u00e4ufe\u201c angezeigt.<\/p>\n","protected":false},"excerpt":{"rendered":"<p>Die Sprintf\u00e4higkeit eines Athleten ist in vielen Sportarten, vor allem im Wettkampf, von entscheidender Bedeutung: Mit SmarTracks kannst du jede Distanz in Abh\u00e4ngigkeit von der Anzahl der Timing Gates erfassen. Aufbau der Timing Gates Du trainierst mit den mobilen Timing Gates?Wir empfehlen dir an der 100m Ziellinie oder einem anderen festen Punkt auf deiner Strecke&#8230;<\/p>\n","protected":false},"author":1,"featured_media":0,"parent":639,"menu_order":0,"comment_status":"closed","ping_status":"closed","template":"page-templates\/template-info.php","meta":{"_acf_changed":false,"content-type":"","om_disable_all_campaigns":false,"_monsterinsights_skip_tracking":false,"_monsterinsights_sitenote_active":false,"_monsterinsights_sitenote_note":"","_monsterinsights_sitenote_category":0,"_uf_show_specific_survey":0,"_uf_disable_surveys":false,"footnotes":""},"acf":[],"aioseo_notices":[],"_links":{"self":[{"href":"https:\/\/smartracks.hypecreate.com\/de\/wp-json\/wp\/v2\/pages\/649"}],"collection":[{"href":"https:\/\/smartracks.hypecreate.com\/de\/wp-json\/wp\/v2\/pages"}],"about":[{"href":"https:\/\/smartracks.hypecreate.com\/de\/wp-json\/wp\/v2\/types\/page"}],"author":[{"embeddable":true,"href":"https:\/\/smartracks.hypecreate.com\/de\/wp-json\/wp\/v2\/users\/1"}],"replies":[{"embeddable":true,"href":"https:\/\/smartracks.hypecreate.com\/de\/wp-json\/wp\/v2\/comments?post=649"}],"version-history":[{"count":3,"href":"https:\/\/smartracks.hypecreate.com\/de\/wp-json\/wp\/v2\/pages\/649\/revisions"}],"predecessor-version":[{"id":3196,"href":"https:\/\/smartracks.hypecreate.com\/de\/wp-json\/wp\/v2\/pages\/649\/revisions\/3196"}],"up":[{"embeddable":true,"href":"https:\/\/smartracks.hypecreate.com\/de\/wp-json\/wp\/v2\/pages\/639"}],"wp:attachment":[{"href":"https:\/\/smartracks.hypecreate.com\/de\/wp-json\/wp\/v2\/media?parent=649"}],"curies":[{"name":"wp","href":"https:\/\/api.w.org\/{rel}","templated":true}]}}